{"id":273,"date":"2024-04-17T11:22:21","date_gmt":"2024-04-17T11:22:21","guid":{"rendered":"https:\/\/comefin.ro\/?page_id=273"},"modified":"2026-03-03T22:43:40","modified_gmt":"2026-03-03T20:43:40","slug":"certificari","status":"publish","type":"page","link":"https:\/\/comefin.ro\/en\/certificari\/","title":{"rendered":"Certifications"},"content":{"rendered":"<div data-elementor-type=\"wp-page\" data-elementor-id=\"273\" class=\"elementor elementor-273\" data-elementor-post-type=\"page\">\n\t\t\t\t\t\t<section class=\"elementor-section elementor-top-section elementor-element elementor-element-35039de elementor-section-full_width elementor-section-height-min-height elementor-section-height-default elementor-section-items-middle\" data-id=\"35039de\" data-element_type=\"section\" data-e-type=\"section\">\n\t\t\t\t\t\t\t<div class=\"elementor-background-overlay\"><\/div>\n\t\t\t\t\t\t\t<div class=\"elementor-container elementor-column-gap-default\">\n\t\t\t\t\t<div class=\"elementor-column elementor-col-100 elementor-top-column elementor-element elementor-element-5f10f33\" data-id=\"5f10f33\" data-element_type=\"column\" data-e-type=\"column\">\n\t\t\t<div class=\"elementor-widget-wrap elementor-element-populated\">\n\t\t\t\t\t\t<section class=\"elementor-section elementor-inner-section elementor-element elementor-element-0e994ac elementor-section-height-min-height elementor-section-boxed elementor-section-height-default\" data-id=\"0e994ac\" data-element_type=\"section\" data-e-type=\"section\" data-settings=\"{&quot;background_background&quot;:&quot;classic&quot;}\">\n\t\t\t\t\t\t\t<div class=\"elementor-background-overlay\"><\/div>\n\t\t\t\t\t\t\t<div class=\"elementor-container elementor-column-gap-default\">\n\t\t\t\t\t<div class=\"elementor-column elementor-col-100 elementor-inner-column elementor-element elementor-element-1100588\" data-id=\"1100588\" data-element_type=\"column\" data-e-type=\"column\">\n\t\t\t<div class=\"elementor-widget-wrap elementor-element-populated\">\n\t\t\t\t\t\t<div class=\"elementor-element elementor-element-8b9b191 elementor-widget elementor-widget-text-editor\" data-id=\"8b9b191\" data-element_type=\"widget\" data-e-type=\"widget\" data-widget_type=\"text-editor.default\">\n\t\t\t\t<div class=\"elementor-widget-container\">\n\t\t\t\t\t\t\t\t\t<p><span style=\"color: #ffffff;\"><a style=\"color: #ffffff;\" href=\"https:\/\/comefin.ro\/en\/\">Home<\/a> <\/span>\/ Certifications<\/p>\t\t\t\t\t\t\t\t<\/div>\n\t\t\t\t<\/div>\n\t\t\t\t\t<\/div>\n\t\t<\/div>\n\t\t\t\t\t<\/div>\n\t\t<\/section>\n\t\t\t\t\t<\/div>\n\t\t<\/div>\n\t\t\t\t\t<\/div>\n\t\t<\/section>\n\t\t\t\t<section class=\"elementor-section elementor-top-section elementor-element elementor-element-620162bb elementor-section-boxed elementor-section-height-default elementor-section-height-default\" data-id=\"620162bb\" data-element_type=\"section\" data-e-type=\"section\" data-settings=\"{&quot;background_background&quot;:&quot;classic&quot;}\">\n\t\t\t\t\t\t<div class=\"elementor-container elementor-column-gap-default\">\n\t\t\t\t\t<div class=\"elementor-column elementor-col-100 elementor-top-column elementor-element elementor-element-e1388ad\" data-id=\"e1388ad\" data-element_type=\"column\" data-e-type=\"column\">\n\t\t\t<div class=\"elementor-widget-wrap elementor-element-populated\">\n\t\t\t\t\t\t<section class=\"elementor-section elementor-inner-section elementor-element elementor-element-7b56f0dd animated-slow elementor-section-boxed elementor-section-height-default elementor-section-height-default elementor-invisible\" data-id=\"7b56f0dd\" data-element_type=\"section\" data-e-type=\"section\" data-settings=\"{&quot;animation&quot;:&quot;fadeInUp&quot;}\">\n\t\t\t\t\t\t<div class=\"elementor-container elementor-column-gap-default\">\n\t\t\t\t\t<div class=\"elementor-column elementor-col-33 elementor-inner-column elementor-element elementor-element-72c6dde2\" data-id=\"72c6dde2\" data-element_type=\"column\" data-e-type=\"column\">\n\t\t\t<div class=\"elementor-widget-wrap elementor-element-populated\">\n\t\t\t\t\t\t<div class=\"elementor-element elementor-element-462e61a8 elementor-position-inline-start elementor-mobile-position-inline-start elementor-view-default elementor-widget elementor-widget-icon-box\" data-id=\"462e61a8\" data-element_type=\"widget\" data-e-type=\"widget\" data-widget_type=\"icon-box.default\">\n\t\t\t\t<div class=\"elementor-widget-container\">\n\t\t\t\t\t\t\t<div class=\"elementor-icon-box-wrapper\">\n\n\t\t\t\t\t\t<div class=\"elementor-icon-box-icon\">\n\t\t\t\t<span  class=\"elementor-icon\">\n\t\t\t\t<svg xmlns=\"http:\/\/www.w3.org\/2000\/svg\" id=\"Layer_2\" data-name=\"Layer 2\" viewbox=\"0 0 58.6 55.13\"><defs><style>      .cls-37 {        fill: none;        stroke: #162e59;        stroke-linecap: round;        stroke-linejoin: round;        stroke-width: 2px;      }    <\/style><\/defs><g id=\"Layer_2-2\" data-name=\"Layer 2\"><g><polygon class=\"cls-37\" points=\"29.3 54.13 57.6 15.23 45.28 1 13.32 1 1 15.23 29.3 54.13\"><\/polygon><polyline class=\"cls-37\" points=\"1 15.23 16.5 15.23 42.09 15.23 57.6 15.23\"><\/polyline><polyline class=\"cls-37\" points=\"23.05 1 16.5 15.23 29.3 54.13\"><\/polyline><polyline class=\"cls-37\" points=\"35.54 1 42.09 15.23 29.3 54.13\"><\/polyline><\/g><\/g><\/svg>\t\t\t\t<\/span>\n\t\t\t<\/div>\n\t\t\t\n\t\t\t\t\t\t<div class=\"elementor-icon-box-content\">\n\n\t\t\t\t\t\t\t\t\t<h5 class=\"elementor-icon-box-title\">\n\t\t\t\t\t\t<span  >\n\t\t\t\t\t\t\tQuality\t\t\t\t\t\t<\/span>\n\t\t\t\t\t<\/h5>\n\t\t\t\t\n\t\t\t\t\n\t\t\t<\/div>\n\t\t\t\n\t\t<\/div>\n\t\t\t\t\t\t<\/div>\n\t\t\t\t<\/div>\n\t\t\t\t<div class=\"elementor-element elementor-element-5920b9c elementor-widget elementor-widget-text-editor\" data-id=\"5920b9c\" data-element_type=\"widget\" data-e-type=\"widget\" data-widget_type=\"text-editor.default\">\n\t\t\t\t<div class=\"elementor-widget-container\">\n\t\t\t\t\t\t\t\t\t<p>Quality management system<\/p><ul><li>Certified by DQS<\/li><li>ISO 9001:2015 ; IATF 16949:2016<\/li><li>Reg - No 359543-IATF 16<\/li><\/ul>\t\t\t\t\t\t\t\t<\/div>\n\t\t\t\t<\/div>\n\t\t\t\t<div class=\"elementor-element elementor-element-bdfd3a2 elementor-widget elementor-widget-text-editor\" data-id=\"bdfd3a2\" data-element_type=\"widget\" data-e-type=\"widget\" data-widget_type=\"text-editor.default\">\n\t\t\t\t<div class=\"elementor-widget-container\">\n\t\t\t\t\t\t\t\t\t<p>View or download the documents:<\/p>\t\t\t\t\t\t\t\t<\/div>\n\t\t\t\t<\/div>\n\t\t\t\t<div class=\"elementor-element elementor-element-06fdb8e elementor-align-left elementor-mobile-align-justify elementor-widget elementor-widget-button\" data-id=\"06fdb8e\" data-element_type=\"widget\" data-e-type=\"widget\" data-widget_type=\"button.default\">\n\t\t\t\t<div class=\"elementor-widget-container\">\n\t\t\t\t\t\t\t\t\t<div class=\"elementor-button-wrapper\">\n\t\t\t\t\t<a class=\"elementor-button elementor-button-link elementor-size-sm\" href=\"https:\/\/comefin.ro\/wp-content\/uploads\/2024\/04\/IATF16_359543-IATF16_EN.pdf\" target=\"_blank\">\n\t\t\t\t\t\t<span class=\"elementor-button-content-wrapper\">\n\t\t\t\t\t\t\t\t\t<span class=\"elementor-button-text\">Certificate IATF 16949:2016<\/span>\n\t\t\t\t\t<\/span>\n\t\t\t\t\t<\/a>\n\t\t\t\t<\/div>\n\t\t\t\t\t\t\t\t<\/div>\n\t\t\t\t<\/div>\n\t\t\t\t<div class=\"elementor-element elementor-element-c2d80bd elementor-align-left elementor-mobile-align-justify elementor-widget elementor-widget-button\" data-id=\"c2d80bd\" data-element_type=\"widget\" data-e-type=\"widget\" data-widget_type=\"button.default\">\n\t\t\t\t<div class=\"elementor-widget-container\">\n\t\t\t\t\t\t\t\t\t<div class=\"elementor-button-wrapper\">\n\t\t\t\t\t<a class=\"elementor-button elementor-button-link elementor-size-sm\" href=\"https:\/\/comefin.ro\/wp-content\/uploads\/2024\/04\/QM15_359543-QM15_EN.pdf\" target=\"_blank\">\n\t\t\t\t\t\t<span class=\"elementor-button-content-wrapper\">\n\t\t\t\t\t\t\t\t\t<span class=\"elementor-button-text\">Certificate ISO 9001:2015<\/span>\n\t\t\t\t\t<\/span>\n\t\t\t\t\t<\/a>\n\t\t\t\t<\/div>\n\t\t\t\t\t\t\t\t<\/div>\n\t\t\t\t<\/div>\n\t\t\t\t\t<\/div>\n\t\t<\/div>\n\t\t\t\t<div class=\"elementor-column elementor-col-33 elementor-inner-column elementor-element elementor-element-2be4372c\" data-id=\"2be4372c\" data-element_type=\"column\" data-e-type=\"column\">\n\t\t\t<div class=\"elementor-widget-wrap elementor-element-populated\">\n\t\t\t\t\t\t<div class=\"elementor-element elementor-element-2a743a2 elementor-position-inline-start elementor-mobile-position-inline-start elementor-view-default elementor-widget elementor-widget-icon-box\" data-id=\"2a743a2\" data-element_type=\"widget\" data-e-type=\"widget\" data-widget_type=\"icon-box.default\">\n\t\t\t\t<div class=\"elementor-widget-container\">\n\t\t\t\t\t\t\t<div class=\"elementor-icon-box-wrapper\">\n\n\t\t\t\t\t\t<div class=\"elementor-icon-box-icon\">\n\t\t\t\t<span  class=\"elementor-icon\">\n\t\t\t\t<svg xmlns=\"http:\/\/www.w3.org\/2000\/svg\" id=\"Layer_2\" data-name=\"Layer 2\" viewbox=\"0 0 57.74 57.6\"><defs><style>      .cls-13 {        fill: none;        stroke: #162e59;        stroke-linecap: round;        stroke-linejoin: round;        stroke-width: 2px;      }    <\/style><\/defs><g id=\"Layer_2-2\" data-name=\"Layer 2\"><g id=\"Layer_1-2\" data-name=\"Layer 1-2\"><g><g><g><path class=\"cls-13\" d=\"M9.4,55.3s19.3.1,25.2-.2c5.9-.3,10.2-4.6,10.2-4.6l11.4-10.8c1.4-1.5,0-6.6-3.3-3.7l-7.3,5.5c-2.5,1.9-5.5,2.9-8.6,2.9h-8.6\"><\/path><path class=\"cls-13\" d=\"M9.6,43.3h4.8c6.3.1,6.2-4.6,12.2-4.3h4.5c4.3,0,5.1,5.2,3.4,5.2\"><\/path><\/g><path class=\"cls-13\" d=\"M1,41.7h6.2c1.3,0,2.4,1.1,2.4,2.4v10.1c0,1.3-1.1,2.4-2.4,2.4H1\"><\/path><\/g><line class=\"cls-13\" x1=\"30\" y1=\"32.6\" x2=\"30\" y2=\"2.5\"><\/line><path class=\"cls-13\" d=\"M30,22.3s0-14.2-11.5-14.2c0,0-4,11,11.5,14.2Z\"><\/path><path class=\"cls-13\" d=\"M30,15.2s0-14.2,11.5-14.2c-.1.1,3.9,11.1-11.5,14.2Z\"><\/path><path class=\"cls-13\" d=\"M12.5,43.3s1.9-13.6,17.4-13.6c14.1,0,17.4,10.4,17.4,10.4\"><\/path><\/g><\/g><\/g><\/svg>\t\t\t\t<\/span>\n\t\t\t<\/div>\n\t\t\t\n\t\t\t\t\t\t<div class=\"elementor-icon-box-content\">\n\n\t\t\t\t\t\t\t\t\t<h5 class=\"elementor-icon-box-title\">\n\t\t\t\t\t\t<span  >\n\t\t\t\t\t\t\tEnvironment\t\t\t\t\t\t<\/span>\n\t\t\t\t\t<\/h5>\n\t\t\t\t\n\t\t\t\t\n\t\t\t<\/div>\n\t\t\t\n\t\t<\/div>\n\t\t\t\t\t\t<\/div>\n\t\t\t\t<\/div>\n\t\t\t\t<div class=\"elementor-element elementor-element-299d2cd elementor-widget elementor-widget-text-editor\" data-id=\"299d2cd\" data-element_type=\"widget\" data-e-type=\"widget\" data-widget_type=\"text-editor.default\">\n\t\t\t\t<div class=\"elementor-widget-container\">\n\t\t\t\t\t\t\t\t\t<p>Integrated environmental authorization<\/p><ul><li>Environment management system<\/li><li>Certified by RINA SIMTEX<\/li><li>SR EN ISO 14001:2015<\/li><\/ul>\t\t\t\t\t\t\t\t<\/div>\n\t\t\t\t<\/div>\n\t\t\t\t<div class=\"elementor-element elementor-element-a3be536 elementor-widget elementor-widget-text-editor\" data-id=\"a3be536\" data-element_type=\"widget\" data-e-type=\"widget\" data-widget_type=\"text-editor.default\">\n\t\t\t\t<div class=\"elementor-widget-container\">\n\t\t\t\t\t\t\t\t\t<p>View or download the documents:<\/p>\t\t\t\t\t\t\t\t<\/div>\n\t\t\t\t<\/div>\n\t\t\t\t<div class=\"elementor-element elementor-element-c5b6a52 elementor-align-left elementor-mobile-align-justify elementor-widget elementor-widget-button\" data-id=\"c5b6a52\" data-element_type=\"widget\" data-e-type=\"widget\" data-widget_type=\"button.default\">\n\t\t\t\t<div class=\"elementor-widget-container\">\n\t\t\t\t\t\t\t\t\t<div class=\"elementor-button-wrapper\">\n\t\t\t\t\t<a class=\"elementor-button elementor-button-link elementor-size-sm\" href=\"https:\/\/comefin.ro\/wp-content\/uploads\/2024\/04\/COMFIN-14001-CERTIFICAT-RENAR.pdf\" target=\"_blank\">\n\t\t\t\t\t\t<span class=\"elementor-button-content-wrapper\">\n\t\t\t\t\t\t\t\t\t<span class=\"elementor-button-text\">Certificate ISO 14001:2015<\/span>\n\t\t\t\t\t<\/span>\n\t\t\t\t\t<\/a>\n\t\t\t\t<\/div>\n\t\t\t\t\t\t\t\t<\/div>\n\t\t\t\t<\/div>\n\t\t\t\t\t<\/div>\n\t\t<\/div>\n\t\t\t\t<div class=\"elementor-column elementor-col-33 elementor-inner-column elementor-element elementor-element-3384669c\" data-id=\"3384669c\" data-element_type=\"column\" data-e-type=\"column\">\n\t\t\t<div class=\"elementor-widget-wrap elementor-element-populated\">\n\t\t\t\t\t\t<div class=\"elementor-element elementor-element-51b3c616 elementor-position-inline-start elementor-mobile-position-inline-start elementor-view-default elementor-widget elementor-widget-icon-box\" data-id=\"51b3c616\" data-element_type=\"widget\" data-e-type=\"widget\" data-widget_type=\"icon-box.default\">\n\t\t\t\t<div class=\"elementor-widget-container\">\n\t\t\t\t\t\t\t<div class=\"elementor-icon-box-wrapper\">\n\n\t\t\t\t\t\t<div class=\"elementor-icon-box-icon\">\n\t\t\t\t<span  class=\"elementor-icon\">\n\t\t\t\t<svg xmlns=\"http:\/\/www.w3.org\/2000\/svg\" id=\"Layer_2\" data-name=\"Layer 2\" viewbox=\"0 0 60 54.5\"><defs><style>      .cls-23 {        fill: none;        stroke: #162e59;        stroke-linecap: round;        stroke-linejoin: round;        stroke-width: 2px;      }    <\/style><\/defs><g id=\"Layer_2-2\" data-name=\"Layer 2\"><g id=\"Layer_1-2\" data-name=\"Layer 1-2\"><g><path class=\"cls-23\" d=\"M17.8,48H4.4c-1.9,0-3.4-1.5-3.4-3.4V4.4c0-1.9,1.5-3.4,3.4-3.4h51.1c1.9,0,3.4,1.5,3.4,3.4v40.2c0,1.9-1.5,3.4-3.4,3.4h-12\"><\/path><line class=\"cls-23\" x1=\"1\" y1=\"12.6\" x2=\"59\" y2=\"12.6\"><\/line><line class=\"cls-23\" x1=\"5.6\" y1=\"6.7\" x2=\"9\" y2=\"6.7\"><\/line><path class=\"cls-23\" d=\"M53.3,6.5c0,1.2-1,2.2-2.2,2.2s-2.2-1-2.2-2.2,1-2.2,2.2-2.2,2.2,1,2.2,2.2Z\"><\/path><line class=\"cls-23\" x1=\"12.9\" y1=\"6.7\" x2=\"16.4\" y2=\"6.7\"><\/line><line class=\"cls-23\" x1=\"20.9\" y1=\"6.7\" x2=\"24.3\" y2=\"6.7\"><\/line><circle class=\"cls-23\" cx=\"30.6\" cy=\"35.6\" r=\"17.8\"><\/circle><ellipse class=\"cls-23\" cx=\"30.8\" cy=\"35.6\" rx=\"10.5\" ry=\"17.8\"><\/ellipse><line class=\"cls-23\" x1=\"48.5\" y1=\"35.6\" x2=\"12.8\" y2=\"35.6\"><\/line><line class=\"cls-23\" x1=\"30.8\" y1=\"17.8\" x2=\"30.8\" y2=\"53.5\"><\/line><line class=\"cls-23\" x1=\"46\" y1=\"26.6\" x2=\"15.3\" y2=\"26.6\"><\/line><line class=\"cls-23\" x1=\"46\" y1=\"44.6\" x2=\"15.2\" y2=\"44.6\"><\/line><\/g><\/g><\/g><\/svg>\t\t\t\t<\/span>\n\t\t\t<\/div>\n\t\t\t\n\t\t\t\t\t\t<div class=\"elementor-icon-box-content\">\n\n\t\t\t\t\t\t\t\t\t<h5 class=\"elementor-icon-box-title\">\n\t\t\t\t\t\t<span  >\n\t\t\t\t\t\t\tSSM\t\t\t\t\t\t<\/span>\n\t\t\t\t\t<\/h5>\n\t\t\t\t\n\t\t\t\t\n\t\t\t<\/div>\n\t\t\t\n\t\t<\/div>\n\t\t\t\t\t\t<\/div>\n\t\t\t\t<\/div>\n\t\t\t\t<div class=\"elementor-element elementor-element-831c8d6 elementor-widget elementor-widget-text-editor\" data-id=\"831c8d6\" data-element_type=\"widget\" data-e-type=\"widget\" data-widget_type=\"text-editor.default\">\n\t\t\t\t<div class=\"elementor-widget-container\">\n\t\t\t\t\t\t\t\t\t<ul><li>Health and Safety management system<\/li><li>Certified by RINA SIMTEX<\/li><li>ISO 45001:2018<\/li><\/ul>\t\t\t\t\t\t\t\t<\/div>\n\t\t\t\t<\/div>\n\t\t\t\t<div class=\"elementor-element elementor-element-1189848 elementor-widget elementor-widget-text-editor\" data-id=\"1189848\" data-element_type=\"widget\" data-e-type=\"widget\" data-widget_type=\"text-editor.default\">\n\t\t\t\t<div class=\"elementor-widget-container\">\n\t\t\t\t\t\t\t\t\t<p>View or download the documents:<\/p>\t\t\t\t\t\t\t\t<\/div>\n\t\t\t\t<\/div>\n\t\t\t\t<div class=\"elementor-element elementor-element-a48417b elementor-align-left elementor-mobile-align-justify elementor-widget elementor-widget-button\" data-id=\"a48417b\" data-element_type=\"widget\" data-e-type=\"widget\" data-widget_type=\"button.default\">\n\t\t\t\t<div class=\"elementor-widget-container\">\n\t\t\t\t\t\t\t\t\t<div class=\"elementor-button-wrapper\">\n\t\t\t\t\t<a class=\"elementor-button elementor-button-link elementor-size-sm\" href=\"https:\/\/comefin.ro\/wp-content\/uploads\/2024\/04\/COMEFIN-45001-CERTIFICAT-RENAR.pdf\" target=\"_blank\">\n\t\t\t\t\t\t<span class=\"elementor-button-content-wrapper\">\n\t\t\t\t\t\t\t\t\t<span class=\"elementor-button-text\">Certificate ISO 45001:2018<\/span>\n\t\t\t\t\t<\/span>\n\t\t\t\t\t<\/a>\n\t\t\t\t<\/div>\n\t\t\t\t\t\t\t\t<\/div>\n\t\t\t\t<\/div>\n\t\t\t\t\t<\/div>\n\t\t<\/div>\n\t\t\t\t\t<\/div>\n\t\t<\/section>\n\t\t\t\t\t<\/div>\n\t\t<\/div>\n\t\t\t\t\t<\/div>\n\t\t<\/section>\n\t\t\t\t<section class=\"elementor-section elementor-top-section elementor-element elementor-element-8bd4c6a elementor-section-boxed elementor-section-height-default elementor-section-height-default\" data-id=\"8bd4c6a\" data-element_type=\"section\" data-e-type=\"section\" data-settings=\"{&quot;background_background&quot;:&quot;classic&quot;}\">\n\t\t\t\t\t\t<div class=\"elementor-container elementor-column-gap-default\">\n\t\t\t\t\t<div class=\"elementor-column elementor-col-33 elementor-top-column elementor-element elementor-element-e871dd7\" data-id=\"e871dd7\" data-element_type=\"column\" data-e-type=\"column\" data-settings=\"{&quot;background_background&quot;:&quot;classic&quot;}\">\n\t\t\t<div class=\"elementor-widget-wrap elementor-element-populated\">\n\t\t\t\t\t\t<div class=\"elementor-element elementor-element-9a37290 elementor-widget elementor-widget-image\" data-id=\"9a37290\" data-element_type=\"widget\" data-e-type=\"widget\" data-widget_type=\"image.default\">\n\t\t\t\t<div class=\"elementor-widget-container\">\n\t\t\t\t\t\t\t\t\t\t\t\t\t\t\t<img fetchpriority=\"high\" decoding=\"async\" width=\"370\" height=\"211\" src=\"https:\/\/comefin.ro\/wp-content\/uploads\/2024\/04\/certificari-1.jpg\" class=\"attachment-large size-large wp-image-316\" alt=\"\" srcset=\"https:\/\/comefin.ro\/wp-content\/uploads\/2024\/04\/certificari-1.jpg 370w, https:\/\/comefin.ro\/wp-content\/uploads\/2024\/04\/certificari-1-300x171.jpg 300w\" sizes=\"(max-width: 370px) 100vw, 370px\" \/>\t\t\t\t\t\t\t\t\t\t\t\t\t\t\t<\/div>\n\t\t\t\t<\/div>\n\t\t\t\t\t<\/div>\n\t\t<\/div>\n\t\t\t\t<div class=\"elementor-column elementor-col-33 elementor-top-column elementor-element elementor-element-762a90d\" data-id=\"762a90d\" data-element_type=\"column\" data-e-type=\"column\" data-settings=\"{&quot;background_background&quot;:&quot;classic&quot;}\">\n\t\t\t<div class=\"elementor-widget-wrap elementor-element-populated\">\n\t\t\t\t\t\t<div class=\"elementor-element elementor-element-9ea5b19 elementor-widget elementor-widget-image\" data-id=\"9ea5b19\" data-element_type=\"widget\" data-e-type=\"widget\" data-widget_type=\"image.default\">\n\t\t\t\t<div class=\"elementor-widget-container\">\n\t\t\t\t\t\t\t\t\t\t\t\t\t\t\t<img decoding=\"async\" width=\"800\" height=\"483\" src=\"https:\/\/comefin.ro\/wp-content\/uploads\/2024\/04\/certificat-iso-14001-iso-45001-1024x618.png\" class=\"attachment-large size-large wp-image-529\" alt=\"\" srcset=\"https:\/\/comefin.ro\/wp-content\/uploads\/2024\/04\/certificat-iso-14001-iso-45001-1024x618.png 1024w, https:\/\/comefin.ro\/wp-content\/uploads\/2024\/04\/certificat-iso-14001-iso-45001-300x181.png 300w, https:\/\/comefin.ro\/wp-content\/uploads\/2024\/04\/certificat-iso-14001-iso-45001-768x464.png 768w, https:\/\/comefin.ro\/wp-content\/uploads\/2024\/04\/certificat-iso-14001-iso-45001.png 1058w\" sizes=\"(max-width: 800px) 100vw, 800px\" \/>\t\t\t\t\t\t\t\t\t\t\t\t\t\t\t<\/div>\n\t\t\t\t<\/div>\n\t\t\t\t\t<\/div>\n\t\t<\/div>\n\t\t\t\t<div class=\"elementor-column elementor-col-33 elementor-top-column elementor-element elementor-element-baec77f\" data-id=\"baec77f\" data-element_type=\"column\" data-e-type=\"column\" data-settings=\"{&quot;background_background&quot;:&quot;classic&quot;}\">\n\t\t\t<div class=\"elementor-widget-wrap elementor-element-populated\">\n\t\t\t\t\t\t<div class=\"elementor-element elementor-element-3eadf44 elementor-widget elementor-widget-image\" data-id=\"3eadf44\" data-element_type=\"widget\" data-e-type=\"widget\" data-widget_type=\"image.default\">\n\t\t\t\t<div class=\"elementor-widget-container\">\n\t\t\t\t\t\t\t\t\t\t\t\t\t\t\t<img decoding=\"async\" width=\"800\" height=\"483\" src=\"https:\/\/comefin.ro\/wp-content\/uploads\/2024\/04\/certificat-iso-14001-iso-45001-1024x618.png\" class=\"attachment-large size-large wp-image-529\" alt=\"\" srcset=\"https:\/\/comefin.ro\/wp-content\/uploads\/2024\/04\/certificat-iso-14001-iso-45001-1024x618.png 1024w, https:\/\/comefin.ro\/wp-content\/uploads\/2024\/04\/certificat-iso-14001-iso-45001-300x181.png 300w, https:\/\/comefin.ro\/wp-content\/uploads\/2024\/04\/certificat-iso-14001-iso-45001-768x464.png 768w, https:\/\/comefin.ro\/wp-content\/uploads\/2024\/04\/certificat-iso-14001-iso-45001.png 1058w\" sizes=\"(max-width: 800px) 100vw, 800px\" \/>\t\t\t\t\t\t\t\t\t\t\t\t\t\t\t<\/div>\n\t\t\t\t<\/div>\n\t\t\t\t\t<\/div>\n\t\t<\/div>\n\t\t\t\t\t<\/div>\n\t\t<\/section>\n\t\t\t\t<\/div>","protected":false},"excerpt":{"rendered":"<p>Acas\u0103 \/ Certific\u0103ri Calitate Sistem de management al calit\u0103\u021bii Certificat de c\u0103tre DQS ISO 9001:2015; IATF 16949:2016 Reg. \u2013 No. 359543-IATF 16 Vizualizeaz\u0103 sau descarc\u0103 documentele: Certificat IATF 16949:2016 Certificat ISO 9001:2015 Mediu Autoriza\u021bie integrat\u0103 de mediu \u00een conformitate cu legea rom\u00e2n\u0103 Sistem de management de mediu Certificat de c\u0103tre RINA SIMTEX SR EN ISO [&hellip;]<\/p>","protected":false},"author":1,"featured_media":0,"parent":0,"menu_order":0,"comment_status":"closed","ping_status":"closed","template":"elementor_header_footer","meta":{"footnotes":""},"class_list":["post-273","page","type-page","status-publish","hentry"],"_links":{"self":[{"href":"https:\/\/comefin.ro\/en\/wp-json\/wp\/v2\/pages\/273","targetHints":{"allow":["GET"]}}],"collection":[{"href":"https:\/\/comefin.ro\/en\/wp-json\/wp\/v2\/pages"}],"about":[{"href":"https:\/\/comefin.ro\/en\/wp-json\/wp\/v2\/types\/page"}],"author":[{"embeddable":true,"href":"https:\/\/comefin.ro\/en\/wp-json\/wp\/v2\/users\/1"}],"replies":[{"embeddable":true,"href":"https:\/\/comefin.ro\/en\/wp-json\/wp\/v2\/comments?post=273"}],"version-history":[{"count":7,"href":"https:\/\/comefin.ro\/en\/wp-json\/wp\/v2\/pages\/273\/revisions"}],"predecessor-version":[{"id":914,"href":"https:\/\/comefin.ro\/en\/wp-json\/wp\/v2\/pages\/273\/revisions\/914"}],"wp:attachment":[{"href":"https:\/\/comefin.ro\/en\/wp-json\/wp\/v2\/media?parent=273"}],"curies":[{"name":"wp","href":"https:\/\/api.w.org\/{rel}","templated":true}]}}